{"id":171,"date":"2021-03-14T21:38:22","date_gmt":"2021-03-14T20:38:22","guid":{"rendered":"http:\/\/cabinetbarge.fr\/?page_id=171"},"modified":"2021-04-09T10:12:04","modified_gmt":"2021-04-09T08:12:04","slug":"nos-missions-cabinet-barge","status":"publish","type":"page","link":"https:\/\/cabinetbarge.fr\/index.php\/nos-missions-cabinet-barge\/","title":{"rendered":"Nos missions"},"content":{"rendered":"\n<figure class=\"wp-block-image size-large\"><img loading=\"lazy\" width=\"1024\" height=\"640\" src=\"http:\/\/cabinetbarge.fr\/wp-content\/uploads\/2021\/03\/RESOLUTION-DE-PB-1-1024x640.jpg\" alt=\"\" class=\"wp-image-247\" srcset=\"https:\/\/cabinetbarge.fr\/wp-content\/uploads\/2021\/03\/RESOLUTION-DE-PB-1-1024x640.jpg 1024w, https:\/\/cabinetbarge.fr\/wp-content\/uploads\/2021\/03\/RESOLUTION-DE-PB-1-300x188.jpg 300w, https:\/\/cabinetbarge.fr\/wp-content\/uploads\/2021\/03\/RESOLUTION-DE-PB-1-768x480.jpg 768w, https:\/\/cabinetbarge.fr\/wp-content\/uploads\/2021\/03\/RESOLUTION-DE-PB-1-1536x960.jpg 1536w, https:\/\/cabinetbarge.fr\/wp-content\/uploads\/2021\/03\/RESOLUTION-DE-PB-1-2048x1280.jpg 2048w, https:\/\/cabinetbarge.fr\/wp-content\/uploads\/2021\/03\/RESOLUTION-DE-PB-1-1200x750.jpg 1200w, https:\/\/cabinetbarge.fr\/wp-content\/uploads\/2021\/03\/RESOLUTION-DE-PB-1-1980x1238.jpg 1980w\" sizes=\"(max-width: 1024px) 100vw, 1024px\" \/><\/figure>\n\n\n\n<p><strong>Notre cabinet d&#8217;expertise comptable s&#8217;occupe de tout ce qui est relatif \u00e0 la gestion et, \u00e0 la vie de votre entreprise, association, profession lib\u00e9rale<\/strong>, c&#8217;est \u00e0 dire : <\/p>\n\n\n\n<div class=\"wp-block-columns\">\n<div class=\"wp-block-column\" style=\"flex-basis:33.33%\">\n<figure class=\"wp-block-image size-large\"><img loading=\"lazy\" width=\"1024\" height=\"683\" src=\"http:\/\/cabinetbarge.fr\/wp-content\/uploads\/2021\/03\/cROISSANCE-1-1-1024x683.jpg\" alt=\"\" class=\"wp-image-255\" srcset=\"https:\/\/cabinetbarge.fr\/wp-content\/uploads\/2021\/03\/cROISSANCE-1-1-1024x683.jpg 1024w, https:\/\/cabinetbarge.fr\/wp-content\/uploads\/2021\/03\/cROISSANCE-1-1-300x200.jpg 300w, https:\/\/cabinetbarge.fr\/wp-content\/uploads\/2021\/03\/cROISSANCE-1-1-768x512.jpg 768w, https:\/\/cabinetbarge.fr\/wp-content\/uploads\/2021\/03\/cROISSANCE-1-1-1536x1024.jpg 1536w, https:\/\/cabinetbarge.fr\/wp-content\/uploads\/2021\/03\/cROISSANCE-1-1-2048x1365.jpg 2048w, https:\/\/cabinetbarge.fr\/wp-content\/uploads\/2021\/03\/cROISSANCE-1-1-1200x800.jpg 1200w, https:\/\/cabinetbarge.fr\/wp-content\/uploads\/2021\/03\/cROISSANCE-1-1-1980x1320.jpg 1980w\" sizes=\"(max-width: 1024px) 100vw, 1024px\" \/><\/figure>\n<\/div>\n\n\n\n<div class=\"wp-block-column\" style=\"flex-basis:66.66%\">\n<h2>Cr\u00e9ation d&#8217;entreprise<\/h2>\n\n\n\n<ul id=\"block-14d69219-b3c1-44e2-b3ea-c73056b444f3\" class=\"has-text-color has-normal-font-size\" style=\"color:#558ed5\"><li>Conseil \u00e0 la cr\u00e9ation d&#8217;entreprise<\/li><li>Etablissement de vos pr\u00e9visionnels<\/li><li>Assistance aux formalit\u00e9s de cr\u00e9ation<\/li><\/ul>\n<\/div>\n<\/div>\n\n\n\n<div class=\"wp-block-columns\">\n<div class=\"wp-block-column\" style=\"flex-basis:66.66%\">\n<h2>Juridique <\/h2>\n\n\n\n<ul id=\"block-13617d48-283e-409a-b11b-3830c2bccd16\" class=\"has-text-color has-normal-font-size\" style=\"color:#558ed5\"><li>R\u00e9daction de statuts<\/li><li>R\u00e9alisation des formalit\u00e9s juridiques annuels <\/li><li>Tenue des registres l\u00e9gaux<\/li><\/ul>\n<\/div>\n\n\n\n<div class=\"wp-block-column\" style=\"flex-basis:33.33%\">\n<figure class=\"wp-block-image size-large\"><img loading=\"lazy\" width=\"1024\" height=\"683\" src=\"http:\/\/cabinetbarge.fr\/wp-content\/uploads\/2021\/03\/FormatFactoryJuridique-1024x683.jpg\" alt=\"\" class=\"wp-image-270\" srcset=\"https:\/\/cabinetbarge.fr\/wp-content\/uploads\/2021\/03\/FormatFactoryJuridique-1024x683.jpg 1024w, https:\/\/cabinetbarge.fr\/wp-content\/uploads\/2021\/03\/FormatFactoryJuridique-300x200.jpg 300w, https:\/\/cabinetbarge.fr\/wp-content\/uploads\/2021\/03\/FormatFactoryJuridique-768x512.jpg 768w, https:\/\/cabinetbarge.fr\/wp-content\/uploads\/2021\/03\/FormatFactoryJuridique-1536x1024.jpg 1536w, https:\/\/cabinetbarge.fr\/wp-content\/uploads\/2021\/03\/FormatFactoryJuridique-2048x1365.jpg 2048w, https:\/\/cabinetbarge.fr\/wp-content\/uploads\/2021\/03\/FormatFactoryJuridique-1200x800.jpg 1200w, https:\/\/cabinetbarge.fr\/wp-content\/uploads\/2021\/03\/FormatFactoryJuridique-1980x1320.jpg 1980w\" sizes=\"(max-width: 1024px) 100vw, 1024px\" \/><\/figure>\n<\/div>\n<\/div>\n\n\n\n<div class=\"wp-block-columns\">\n<div class=\"wp-block-column\" style=\"flex-basis:33.33%\">\n<figure class=\"wp-block-image size-large\"><img loading=\"lazy\" width=\"1024\" height=\"683\" src=\"http:\/\/cabinetbarge.fr\/wp-content\/uploads\/2021\/03\/fACTURE-1-1-1024x683.jpg\" alt=\"\" class=\"wp-image-244\" srcset=\"https:\/\/cabinetbarge.fr\/wp-content\/uploads\/2021\/03\/fACTURE-1-1-1024x683.jpg 1024w, https:\/\/cabinetbarge.fr\/wp-content\/uploads\/2021\/03\/fACTURE-1-1-300x200.jpg 300w, https:\/\/cabinetbarge.fr\/wp-content\/uploads\/2021\/03\/fACTURE-1-1-768x512.jpg 768w, https:\/\/cabinetbarge.fr\/wp-content\/uploads\/2021\/03\/fACTURE-1-1-1536x1024.jpg 1536w, https:\/\/cabinetbarge.fr\/wp-content\/uploads\/2021\/03\/fACTURE-1-1-2048x1365.jpg 2048w, https:\/\/cabinetbarge.fr\/wp-content\/uploads\/2021\/03\/fACTURE-1-1-1200x800.jpg 1200w, https:\/\/cabinetbarge.fr\/wp-content\/uploads\/2021\/03\/fACTURE-1-1-1980x1320.jpg 1980w\" sizes=\"(max-width: 1024px) 100vw, 1024px\" \/><\/figure>\n<\/div>\n\n\n\n<div class=\"wp-block-column\" style=\"flex-basis:66.66%\">\n<h2>Missions d&#8217;expertises <\/h2>\n\n\n\n<ul id=\"block-5d471351-cdc5-4c8e-a2f0-61efae715369\" class=\"has-text-color has-normal-font-size\" style=\"color:#558ed5\"><li>\u00c9tablissement des bilans<\/li><li>Assistance aux d\u00e9clarations 2035<\/li><li>Assistance aux directions financi\u00e8res (budget, reportings)<\/li><li>Suivi du RH, \u00e9tablissements de bulletins de paie<\/li><\/ul>\n<\/div>\n<\/div>\n\n\n\n<div class=\"wp-block-columns\">\n<div class=\"wp-block-column\" style=\"flex-basis:66.66%\">\n<h2>Missions de commissariat aux comptes<\/h2>\n\n\n\n<ul id=\"block-8aee207d-dc3e-4e6c-a64b-5a1112e3d7ec\" class=\"has-text-color has-normal-font-size\" style=\"color:#558ed5\"><li>Audit annuel de soci\u00e9t\u00e9s non c\u00f4t\u00e9s<\/li><li>Audit de consolidation de PME<\/li><li>Commissariat aux apports<\/li><li>Commissariat \u00e0 la fusion<\/li><li>Commissariat \u00e0 la transformation<\/li><li>Mouvements sur le capital (Augmentation, R\u00e9duction, \u00e9mission de valeur mobili\u00e8res)<\/li><\/ul>\n<\/div>\n\n\n\n<div class=\"wp-block-column\" style=\"flex-basis:33.33%\">\n<figure class=\"wp-block-image size-large\"><img loading=\"lazy\" width=\"1024\" height=\"720\" src=\"http:\/\/cabinetbarge.fr\/wp-content\/uploads\/2021\/03\/REVISION-Copie-1024x720.jpg\" alt=\"\" class=\"wp-image-241\" srcset=\"https:\/\/cabinetbarge.fr\/wp-content\/uploads\/2021\/03\/REVISION-Copie-1024x720.jpg 1024w, https:\/\/cabinetbarge.fr\/wp-content\/uploads\/2021\/03\/REVISION-Copie-300x211.jpg 300w, https:\/\/cabinetbarge.fr\/wp-content\/uploads\/2021\/03\/REVISION-Copie-768x540.jpg 768w, https:\/\/cabinetbarge.fr\/wp-content\/uploads\/2021\/03\/REVISION-Copie-1536x1080.jpg 1536w\" sizes=\"(max-width: 1024px) 100vw, 1024px\" \/><\/figure>\n<\/div>\n<\/div>\n\n\n\n<div class=\"wp-block-columns\">\n<div class=\"wp-block-column\">\n<div class=\"wp-block-columns\">\n<div class=\"wp-block-column\">\n<div class=\"wp-block-columns\">\n<div class=\"wp-block-column\" style=\"flex-basis:33.33%\">\n<figure class=\"wp-block-image size-large\"><img loading=\"lazy\" width=\"1024\" height=\"640\" src=\"http:\/\/cabinetbarge.fr\/wp-content\/uploads\/2021\/03\/trAVAIL-1-1024x640.jpg\" alt=\"\" class=\"wp-image-250\" srcset=\"https:\/\/cabinetbarge.fr\/wp-content\/uploads\/2021\/03\/trAVAIL-1-1024x640.jpg 1024w, https:\/\/cabinetbarge.fr\/wp-content\/uploads\/2021\/03\/trAVAIL-1-300x188.jpg 300w, https:\/\/cabinetbarge.fr\/wp-content\/uploads\/2021\/03\/trAVAIL-1-768x480.jpg 768w, https:\/\/cabinetbarge.fr\/wp-content\/uploads\/2021\/03\/trAVAIL-1-1536x960.jpg 1536w, https:\/\/cabinetbarge.fr\/wp-content\/uploads\/2021\/03\/trAVAIL-1-2048x1280.jpg 2048w, https:\/\/cabinetbarge.fr\/wp-content\/uploads\/2021\/03\/trAVAIL-1-1200x750.jpg 1200w, https:\/\/cabinetbarge.fr\/wp-content\/uploads\/2021\/03\/trAVAIL-1-1980x1238.jpg 1980w\" sizes=\"(max-width: 1024px) 100vw, 1024px\" \/><\/figure>\n<\/div>\n\n\n\n<div class=\"wp-block-column\" style=\"flex-basis:66.66%\">\n<h2>Missions de conseils, d&#8217;assistance aux directions<\/h2>\n\n\n\n<ul id=\"block-ac6fdf92-8812-44e6-9052-d932a30f16a5\" class=\"has-text-color has-normal-font-size\" style=\"color:#558ed5\"><li>Valorisation d&#8217;entreprise<\/li><li>Audit d&#8217;acquisition<\/li><li>Assistance aux directions d&#8217;entreprise<\/li><li>Assistance \u00e0 la transmission de patrimoine<\/li><\/ul>\n<\/div>\n<\/div>\n<\/div>\n<\/div>\n\n\n\n<div class=\"wp-block-columns\">\n<div class=\"wp-block-column\" style=\"flex-basis:66.66%\">\n<h2>Mission de consolidation<\/h2>\n\n\n\n<ul id=\"block-02944df2-86b6-4246-9731-958005595f8d\" class=\"has-text-color has-normal-font-size\" style=\"color:#558ed5\"><li>Consolidation de groupe ( r\u00e9f\u00e9rentiel IFRS)<\/li><li>Consolidation de groupe (r\u00e9f\u00e9rentiel CRC 99-02)<\/li><\/ul>\n<\/div>\n\n\n\n<div class=\"wp-block-column\" style=\"flex-basis:33.33%\">\n<figure class=\"wp-block-image size-large\"><img loading=\"lazy\" width=\"1024\" height=\"625\" src=\"http:\/\/cabinetbarge.fr\/wp-content\/uploads\/2021\/03\/FormatFactoryconsolidation-1024x625.jpg\" alt=\"\" class=\"wp-image-276\" srcset=\"https:\/\/cabinetbarge.fr\/wp-content\/uploads\/2021\/03\/FormatFactoryconsolidation-1024x625.jpg 1024w, https:\/\/cabinetbarge.fr\/wp-content\/uploads\/2021\/03\/FormatFactoryconsolidation-300x183.jpg 300w, https:\/\/cabinetbarge.fr\/wp-content\/uploads\/2021\/03\/FormatFactoryconsolidation-768x468.jpg 768w, https:\/\/cabinetbarge.fr\/wp-content\/uploads\/2021\/03\/FormatFactoryconsolidation-1536x937.jpg 1536w, https:\/\/cabinetbarge.fr\/wp-content\/uploads\/2021\/03\/FormatFactoryconsolidation-2048x1249.jpg 2048w, https:\/\/cabinetbarge.fr\/wp-content\/uploads\/2021\/03\/FormatFactoryconsolidation-1200x732.jpg 1200w, https:\/\/cabinetbarge.fr\/wp-content\/uploads\/2021\/03\/FormatFactoryconsolidation-1980x1208.jpg 1980w\" sizes=\"(max-width: 1024px) 100vw, 1024px\" \/><\/figure>\n<\/div>\n<\/div>\n\n\n\n<div class=\"wp-block-columns\">\n<div class=\"wp-block-column\" style=\"flex-basis:66.66%\"><\/div>\n\n\n\n<div class=\"wp-block-column\" style=\"flex-basis:33.33%\"><\/div>\n<\/div>\n<\/div>\n<\/div>\n\n\n\n<p><\/p>\n","protected":false},"excerpt":{"rendered":"<p>Notre cabinet d&#8217;expertise comptable s&#8217;occupe de tout ce qui est relatif \u00e0 la gestion et, \u00e0 la vie de votre entreprise, association, profession lib\u00e9rale, c&#8217;est \u00e0 dire : Cr\u00e9ation d&#8217;entreprise Conseil \u00e0 la cr\u00e9ation d&#8217;entreprise Etablissement de vos pr\u00e9visionnels Assistance aux formalit\u00e9s de cr\u00e9ation Juridique R\u00e9daction de statuts R\u00e9alisation des formalit\u00e9s juridiques annuels Tenue des [&hellip;]<\/p>\n","protected":false},"author":1,"featured_media":0,"parent":0,"menu_order":0,"comment_status":"closed","ping_status":"closed","template":"templates\/template-full-width.php","meta":[],"yoast_head":"<!-- This site is optimized with the Yoast SEO plugin v16.0 - https:\/\/yoast.com\/wordpress\/plugins\/seo\/ -->\n<title>Nos missions -<\/title>\n<meta name=\"description\" content=\"CABINET BARGE EXPERT COMPTABLE COLOMBES NOS MISSIONS % Nos missions\" \/>\n<link rel=\"canonical\" href=\"https:\/\/cabinetbarge.fr\/index.php\/nos-missions-cabinet-barge\/\" \/>\n<meta property=\"og:locale\" content=\"en_US\" \/>\n<meta property=\"og:type\" content=\"article\" \/>\n<meta property=\"og:title\" content=\"Nos missions -\" \/>\n<meta property=\"og:description\" content=\"CABINET BARGE EXPERT COMPTABLE COLOMBES NOS MISSIONS % Nos missions\" \/>\n<meta property=\"og:url\" content=\"https:\/\/cabinetbarge.fr\/index.php\/nos-missions-cabinet-barge\/\" \/>\n<meta property=\"article:modified_time\" content=\"2021-04-09T08:12:04+00:00\" \/>\n<meta property=\"og:image\" content=\"http:\/\/cabinetbarge.fr\/wp-content\/uploads\/2021\/03\/RESOLUTION-DE-PB-1-1024x640.jpg\" \/>\n<meta name=\"twitter:card\" content=\"summary_large_image\" \/>\n<meta name=\"twitter:label1\" content=\"Est. reading time\">\n\t<meta name=\"twitter:data1\" content=\"3 minutes\">\n<script type=\"application\/ld+json\" class=\"yoast-schema-graph\">{\"@context\":\"https:\/\/schema.org\",\"@graph\":[{\"@type\":\"WebSite\",\"@id\":\"https:\/\/cabinetbarge.fr\/#website\",\"url\":\"https:\/\/cabinetbarge.fr\/\",\"name\":\"Cabinet BARGE Expertise-comptable et commissariat aux comptes Colombes\",\"description\":\"\",\"potentialAction\":[{\"@type\":\"SearchAction\",\"target\":\"https:\/\/cabinetbarge.fr\/?s={search_term_string}\",\"query-input\":\"required name=search_term_string\"}],\"inLanguage\":\"en-US\"},{\"@type\":\"ImageObject\",\"@id\":\"https:\/\/cabinetbarge.fr\/index.php\/nos-missions-cabinet-barge\/#primaryimage\",\"inLanguage\":\"en-US\",\"url\":\"http:\/\/cabinetbarge.fr\/wp-content\/uploads\/2021\/03\/RESOLUTION-DE-PB-1-1024x640.jpg\"},{\"@type\":\"WebPage\",\"@id\":\"https:\/\/cabinetbarge.fr\/index.php\/nos-missions-cabinet-barge\/#webpage\",\"url\":\"https:\/\/cabinetbarge.fr\/index.php\/nos-missions-cabinet-barge\/\",\"name\":\"Nos missions -\",\"isPartOf\":{\"@id\":\"https:\/\/cabinetbarge.fr\/#website\"},\"primaryImageOfPage\":{\"@id\":\"https:\/\/cabinetbarge.fr\/index.php\/nos-missions-cabinet-barge\/#primaryimage\"},\"datePublished\":\"2021-03-14T20:38:22+00:00\",\"dateModified\":\"2021-04-09T08:12:04+00:00\",\"description\":\"CABINET BARGE EXPERT COMPTABLE COLOMBES NOS MISSIONS % Nos missions\",\"breadcrumb\":{\"@id\":\"https:\/\/cabinetbarge.fr\/index.php\/nos-missions-cabinet-barge\/#breadcrumb\"},\"inLanguage\":\"en-US\",\"potentialAction\":[{\"@type\":\"ReadAction\",\"target\":[\"https:\/\/cabinetbarge.fr\/index.php\/nos-missions-cabinet-barge\/\"]}]},{\"@type\":\"BreadcrumbList\",\"@id\":\"https:\/\/cabinetbarge.fr\/index.php\/nos-missions-cabinet-barge\/#breadcrumb\",\"itemListElement\":[{\"@type\":\"ListItem\",\"position\":1,\"item\":{\"@type\":\"WebPage\",\"@id\":\"https:\/\/cabinetbarge.fr\/\",\"url\":\"https:\/\/cabinetbarge.fr\/\",\"name\":\"Accueil\"}},{\"@type\":\"ListItem\",\"position\":2,\"item\":{\"@type\":\"WebPage\",\"@id\":\"https:\/\/cabinetbarge.fr\/index.php\/nos-missions-cabinet-barge\/\",\"url\":\"https:\/\/cabinetbarge.fr\/index.php\/nos-missions-cabinet-barge\/\",\"name\":\"Nos missions\"}}]}]}<\/script>\n<!-- \/ Yoast SEO plugin. -->","_links":{"self":[{"href":"https:\/\/cabinetbarge.fr\/index.php\/wp-json\/wp\/v2\/pages\/171"}],"collection":[{"href":"https:\/\/cabinetbarge.fr\/index.php\/wp-json\/wp\/v2\/pages"}],"about":[{"href":"https:\/\/cabinetbarge.fr\/index.php\/wp-json\/wp\/v2\/types\/page"}],"author":[{"embeddable":true,"href":"https:\/\/cabinetbarge.fr\/index.php\/wp-json\/wp\/v2\/users\/1"}],"replies":[{"embeddable":true,"href":"https:\/\/cabinetbarge.fr\/index.php\/wp-json\/wp\/v2\/comments?post=171"}],"version-history":[{"count":21,"href":"https:\/\/cabinetbarge.fr\/index.php\/wp-json\/wp\/v2\/pages\/171\/revisions"}],"predecessor-version":[{"id":368,"href":"https:\/\/cabinetbarge.fr\/index.php\/wp-json\/wp\/v2\/pages\/171\/revisions\/368"}],"wp:attachment":[{"href":"https:\/\/cabinetbarge.fr\/index.php\/wp-json\/wp\/v2\/media?parent=171"}],"curies":[{"name":"wp","href":"https:\/\/api.w.org\/{rel}","templated":true}]}}